{"id":197,"date":"2020-12-21T15:07:50","date_gmt":"2020-12-21T06:07:50","guid":{"rendered":"https:\/\/visit-kudamatsu.com\/?page_id=197"},"modified":"2021-02-20T14:27:00","modified_gmt":"2021-02-20T05:27:00","slug":"about","status":"publish","type":"page","link":"https:\/\/visit-kudamatsu.com\/vi\/about\/","title":{"rendered":"V\u1ec1 th\u00e0nh ph\u1ed1 Kudamatsu"},"content":{"rendered":"\n<h2 class=\"has-text-align-center\"><strong>Kudamatsu- th\u00e0nh ph\u1ed1 \u0111\u00e1ng s\u1ed1ng<\/strong><\/h2>\n\n\n\n<figure class=\"wp-block-image size-large\"><img loading=\"lazy\" width=\"1024\" height=\"767\" src=\"https:\/\/visit-kudamatsu.com\/wp-content\/uploads\/2021\/01\/4689F2D53BA53A78BADACE4E845A3FFE-1024x767.jpg\" alt=\"\" class=\"wp-image-347\" srcset=\"https:\/\/visit-kudamatsu.com\/vi\/wp-content\/uploads\/2021\/01\/4689F2D53BA53A78BADACE4E845A3FFE-1024x767.jpg 1024w, https:\/\/visit-kudamatsu.com\/vi\/wp-content\/uploads\/2021\/01\/4689F2D53BA53A78BADACE4E845A3FFE-300x225.jpg 300w, https:\/\/visit-kudamatsu.com\/vi\/wp-content\/uploads\/2021\/01\/4689F2D53BA53A78BADACE4E845A3FFE-768x576.jpg 768w, https:\/\/visit-kudamatsu.com\/vi\/wp-content\/uploads\/2021\/01\/4689F2D53BA53A78BADACE4E845A3FFE-1536x1151.jpg 1536w, https:\/\/visit-kudamatsu.com\/vi\/wp-content\/uploads\/2021\/01\/4689F2D53BA53A78BADACE4E845A3FFE.jpg 1000w\" sizes=\"(max-width: 1024px) 100vw, 1024px\" \/><\/figure>\n\n\n\n<p>Th\u00e0nh ph\u1ed1 Kudamatsu- n\u01a1i c\u00f3 truy\u1ec1n thuy\u1ebft l\u00e3ng m\u1ea1n l\u00e0 x\u01b0a kia c\u00f3 sao tr\u00ean tr\u1eddi r\u01a1i xu\u1ed1ng.<br>\u0110\u00e2y c\u0169ng l\u00e0 th\u00e0nh ph\u1ed1 \u0111\u00e1ng s\u1ed1ng, \u0111\u01b0\u1ee3c nhi\u1ec1u ng\u01b0\u1eddi \u01b0a th\u00edch, b\u1edfi c\u00f3 s\u1ef1 c\u00e2n b\u1eb1ng gi\u1eefa bi\u1ec3n v\u00e0 s\u00f4ng, l\u1ecbch s\u1eed v\u00e0 v\u0103n h\u00f3a, th\u01b0\u01a1ng m\u1ea1i v\u00e0 c\u00f4ng nghi\u1ec7p.<\/p>\n\n\n\n<h2 class=\"has-text-align-center\"><strong>Kudamatsu- th\u00e0nh ph\u1ed1 s\u1ea3n xu\u1ea5t<\/strong><\/h2>\n\n\n\n<p>T\u1eeb th\u1eddi \u0110\u1ea1i Ch\u00ednh (1921-1926), Kudamatsu \u0111\u00e3 ph\u00e1t tri\u1ec3n nh\u01b0 m\u1ed9t th\u1ee7 \u0111\u00f4 c\u1ee7a ng\u00e0nh c\u00f4ng nghi\u1ec7p. Hi\u1ec7n nay, Kudamatsu l\u00e0 h\u1ea1t nh\u00e2n c\u1ee7a khu v\u1ef1c c\u00f4ng nghi\u1ec7p Shunan, l\u00e0 th\u00e0nh ph\u1ed1 \u201cs\u1ea3n xu\u1ea5t\u201d \u0111a d\u1ea1ng, ng\u00e0nh ch\u1ebf t\u1ea1o v\u1edbi ph\u1ea1m vi r\u1ed9ng kh\u1eafp, t\u1eeb ng\u00e0nh li\u00ean quan v\u1eadn t\u1ea3i nh\u01b0 toa t\u00e0u \u0111\u01b0\u1eddng s\u1eaft, t\u00e0u bi\u1ec3n, \u0111\u1ebfn ng\u00e0nh s\u1ea3n xu\u1ea5t c\u00f4ng ngh\u1ec7 cao v\u1ec1 kho\u00e1ng s\u1ea3n, ch\u1ebf t\u1ea1o ch\u1ea5t b\u00e1n d\u1eabn.<\/p>\n\n\n\n<div class=\"wp-container-3 wp-block-columns\">\n<div class=\"wp-container-1 wp-block-column\">\n<figure class=\"wp-block-image size-large\"><img loading=\"lazy\" width=\"1024\" height=\"787\" src=\"https:\/\/visit-kudamatsu.com\/wp-content\/uploads\/2020\/12\/HMJU7471-1024x787.jpg\" alt=\"\" class=\"wp-image-198\" srcset=\"https:\/\/visit-kudamatsu.com\/vi\/wp-content\/uploads\/2020\/12\/HMJU7471-1024x787.jpg 1024w, https:\/\/visit-kudamatsu.com\/vi\/wp-content\/uploads\/2020\/12\/HMJU7471-300x231.jpg 300w, https:\/\/visit-kudamatsu.com\/vi\/wp-content\/uploads\/2020\/12\/HMJU7471-768x590.jpg 768w, https:\/\/visit-kudamatsu.com\/vi\/wp-content\/uploads\/2020\/12\/HMJU7471.jpg 1000w\" sizes=\"(max-width: 1024px) 100vw, 1024px\" \/><figcaption>X\u01b0\u1edfng ch\u1ebf t\u1ea1o toa t\u00e0u \u0111\u01b0\u1eddng s\u1eaft cao t\u1ed1c (Class 800) c\u1ee7a h\u00e3ng Hitachi \u0111\u1ec3 xu\u1ea5t sang Anh<\/figcaption><\/figure>\n<\/div>\n\n\n\n<div class=\"wp-container-2 wp-block-column\">\n<figure class=\"wp-block-image size-large\"><img loading=\"lazy\" width=\"785\" height=\"590\" src=\"https:\/\/visit-kudamatsu.com\/wp-content\/uploads\/2020\/12\/kouhan.jpg\" alt=\"\" class=\"wp-image-199\" srcset=\"https:\/\/visit-kudamatsu.com\/vi\/wp-content\/uploads\/2020\/12\/kouhan.jpg 785w, https:\/\/visit-kudamatsu.com\/vi\/wp-content\/uploads\/2020\/12\/kouhan-300x225.jpg 300w, https:\/\/visit-kudamatsu.com\/vi\/wp-content\/uploads\/2020\/12\/kouhan-768x577.jpg 768w\" sizes=\"(max-width: 785px) 100vw, 785px\" \/><figcaption>Chuy\u1ec3n \u0111\u1ed9ng l\u0103n th\u00e9p, k\u1ef9 thu\u1eadt c\u00e1n \u00e9p    H\u00e3ng Tokyo Kohan\nNh\u00e0 m\u00e1y Kudamatsu<\/figcaption><\/figure>\n<\/div>\n<\/div>\n\n\n\n<h2 class=\"has-text-align-center h1 { font-size:42px; }\"><strong>Kasadojima- h\u00f2n \u0111\u1ea3o thi\u00ean nhi\u00ean phong ph\u00fa<\/strong><\/h2>\n\n\n\n<figure class=\"wp-block-image size-large\"><img loading=\"lazy\" width=\"960\" height=\"720\" src=\"https:\/\/visit-kudamatsu.com\/wp-content\/uploads\/2020\/12\/123439957_177987430628855_720377191107626004_n.jpg\" alt=\"\" class=\"wp-image-114\" srcset=\"https:\/\/visit-kudamatsu.com\/vi\/wp-content\/uploads\/2020\/12\/123439957_177987430628855_720377191107626004_n.jpg 960w, https:\/\/visit-kudamatsu.com\/vi\/wp-content\/uploads\/2020\/12\/123439957_177987430628855_720377191107626004_n-300x225.jpg 300w, https:\/\/visit-kudamatsu.com\/vi\/wp-content\/uploads\/2020\/12\/123439957_177987430628855_720377191107626004_n-768x576.jpg 768w\" sizes=\"(max-width: 960px) 100vw, 960px\" \/><\/figure>\n\n\n\n<p>H\u00f2n \u0111\u1ea3o thi\u00ean nhi\u00ean phong ph\u00fa- Kasadojima- n\u1ed1i v\u1edbi \u0111\u1ea5t li\u1ec1n b\u1eb1ng c\u00e2y c\u1ea7u Kasadoohashi. \u0110\u01b0\u1ee3c ch\u1ec9 \u0111\u1ecbnh l\u00e0 C\u00f4ng vi\u00ean qu\u1ed1c gia Setonaikai, n\u01a1i \u0111\u00e2y c\u00f3 x\u00e2y d\u1ef1ng s\u1eb5n b\u00e3i c\u1eafm tr\u1ea1i, b\u00e3i t\u1eafm bi\u1ec3n, trung t\u00e2m nu\u00f4i th\u1ea3 c\u00e1- n\u01a1i c\u00f3 th\u1ec3 h\u1ecdc v\u1ec1 ng\u00e0nh th\u1ee7y s\u1ea3n vv\u2026 m\u00e0 \u0111\u1ea7u ti\u00ean ph\u1ea3i k\u1ec3 \u0111\u1ebfn l\u00e0 khu an d\u01b0\u1ee1ng qu\u1ed1c d\u00e2n Oojou- n\u01a1i b\u1ea1n c\u00f3 th\u1ec3 t\u1eadn h\u01b0\u1edfng phong c\u1ea3nh tuy\u1ec7t \u0111\u1eb9p, m\u00f3n ngon c\u1ee7a bi\u1ec3n v\u00e0 su\u1ed1i n\u01b0\u1edbc n\u00f3ng.<\/p>\n","protected":false},"excerpt":{"rendered":"Kudamatsu- th\u00e0nh ph\u1ed1 \u0111\u00e1ng s\u1ed1ng Th\u00e0nh ph\u1ed1 Kudamatsu- n\u01a1i c\u00f3 truy\u1ec1n thuy\u1ebft l\u00e3ng m\u1ea1n l\u00e0 x\u01b0a kia c\u00f3 sao tr\u00ean tr\u1eddi  [&hellip;]","protected":false},"author":1,"featured_media":584,"parent":0,"menu_order":0,"comment_status":"closed","ping_status":"closed","template":"","meta":[],"_links":{"self":[{"href":"https:\/\/visit-kudamatsu.com\/vi\/wp-json\/wp\/v2\/pages\/197"}],"collection":[{"href":"https:\/\/visit-kudamatsu.com\/vi\/wp-json\/wp\/v2\/pages"}],"about":[{"href":"https:\/\/visit-kudamatsu.com\/vi\/wp-json\/wp\/v2\/types\/page"}],"author":[{"embeddable":true,"href":"https:\/\/visit-kudamatsu.com\/vi\/wp-json\/wp\/v2\/users\/1"}],"replies":[{"embeddable":true,"href":"https:\/\/visit-kudamatsu.com\/vi\/wp-json\/wp\/v2\/comments?post=197"}],"version-history":[{"count":24,"href":"https:\/\/visit-kudamatsu.com\/vi\/wp-json\/wp\/v2\/pages\/197\/revisions"}],"predecessor-version":[{"id":592,"href":"https:\/\/visit-kudamatsu.com\/vi\/wp-json\/wp\/v2\/pages\/197\/revisions\/592"}],"wp:featuredmedia":[{"embeddable":true,"href":"https:\/\/visit-kudamatsu.com\/vi\/wp-json\/wp\/v2\/media\/584"}],"wp:attachment":[{"href":"https:\/\/visit-kudamatsu.com\/vi\/wp-json\/wp\/v2\/media?parent=197"}],"curies":[{"name":"wp","href":"https:\/\/api.w.org\/{rel}","templated":true}]}}