{"id":236,"date":"2020-12-21T18:14:57","date_gmt":"2020-12-21T09:14:57","guid":{"rendered":"https:\/\/visit-kudamatsu.com\/?page_id=236"},"modified":"2021-02-22T11:31:08","modified_gmt":"2021-02-22T02:31:08","slug":"access","status":"publish","type":"page","link":"https:\/\/visit-kudamatsu.com\/vi\/access\/","title":{"rendered":"K\u1ebft n\u1ed1i"},"content":{"rendered":"\n<h2 class=\"has-text-align-center\"><strong>K\u1ebft n\u1ed1i \u0111\u1ebfn th\u00e0nh ph\u1ed1 Kudamatsu<\/strong><\/h2>\n\n\n\n<iframe src=\"https:\/\/www.google.com\/maps\/embed?pb=!1m18!1m12!1m3!1d211638.68445546774!2d131.72750924827557!3d34.021946981738054!2m3!1f0!2f0!3f0!3m2!1i1024!2i768!4f13.1!3m3!1m2!1s0x3544e11c89ce6b9d%3A0x1ac815224ea23d94!2sKudamatsu%2C%20Yamaguchi!5e0!3m2!1svi!2sjp!4v1613879187396!5m2!1svi!2sjp\" width=\"100%\" height=\"450\" style=\"border:0;\" allowfullscreen=\"\" loading=\"lazy\"><\/iframe>\n\n\n\n<h4 class=\"style4b\" style=\"border-left-color: #9a0000\">K\u1ebft n\u1ed1i b\u1eb1ng m\u00e1y bay<\/h4>\n\n\n\n<ul><li>Tokyo (Haneda) \u00e0 kho\u1ea3ng 100 ph\u00fat \u00e0 s\u00e2n bay Yamaguchiube \u00e0 T\u1eeb s\u00e2n bay \u0111i \u00f4 t\u00f4 70 ph\u00fat<\/li><\/ul>\n\n\n\n<h4 class=\"style4b\" style=\"border-left-color: #9a0000\">K\u1ebft n\u1ed1i b\u1eb1ng \u00f4 t\u00f4<\/h4>\n\n\n\n<ul><li>\u0110\u01b0\u1eddng \u00f4 t\u00f4 Sanyou, t\u1eeb IC Tokuyama Higashi \u0111i kho\u1ea3ng 10 ph\u00fat<\/li><li>\u0110\u01b0\u1eddng \u00f4 t\u00f4 Sanyou, t\u1eeb IC Kumage \u0111i kho\u1ea3ng 25 ph\u00fat<\/li><li>T\u1eeb c\u1ea3ng Yanai \u0111i \u00f4 t\u00f4 kho\u1ea3ng 50 ph\u00fat<\/li><li>T\u1eeb ga Tokuyama \u0111i taxi kho\u1ea3ng 20 ph\u00fat<\/li><li>T\u1eeb ga Tokuyama \u0111i xe bu\u00fdt kho\u1ea3ng 25 ph\u00fat<\/li><li>Ng\u01b0\u1eddi \u0111i t\u1eeb h\u01b0\u1edbng Fukuoka th\u00ec \u0111i \u0111\u01b0\u1eddng \u00f4 t\u00f4 Chugoku, qua JCT Yamaguchi t\u1edbi \u0111\u01b0\u1eddng \u00f4 t\u00f4 Sanyou<\/li><\/ul>\n\n\n\n<h4 class=\"style4b\" style=\"border-left-color: #9a0000\">K\u1ebft n\u1ed1i b\u1eb1ng t\u00e0u thuy\u1ec1n<\/h4>\n\n\n\n<ul><li>Ng\u01b0\u1eddi t\u1eeb \u0111\u1ea3o Shikoku t\u1edbi th\u00ec t\u1eeb Matsuyama (t\u1ec9nh Ehime) \u0111\u1ebfn c\u1ea3ng Yanai c\u00f3 \u201cPh\u00e0 Bouyo\u201d (th\u1eddi gian \u1edf tr\u00ean ph\u00e0 kho\u1ea3ng 2 ti\u1ebfng r\u01b0\u1ee1i)<\/li><li>Ng\u01b0\u1eddi t\u1eeb h\u01b0\u1edbng Oita t\u1edbi th\u00ec t\u1eeb Taketadu (t\u1ec9nh Oita) \u0111\u1ebfn c\u1ea3ng Tokuyama c\u00f3 \u201cPh\u00e0 Suounada\u201d (th\u1eddi gian \u1edf tr\u00ean ph\u00e0 kho\u1ea3ng 2 ti\u1ebfng)<\/li><\/ul>\n\n\n\n<h4 class=\"style4b\" style=\"border-left-color: #9a0000\">K\u1ebft n\u1ed1i b\u1eb1ng \u0111\u01b0\u1eddng s\u1eaft<\/h4>\n\n\n\n<ul><li>Xu\u1ed1ng ga Tokuyama c\u1ee7a tuy\u1ebfn Shinkansen Sanyo, chuy\u1ec3n sang tuy\u1ebfn Sanyohonsen, \u0111i \u0111\u1ebfn ga Kudamatsu c\u1ee7a JR, sau \u0111\u00f3 \u0111i b\u1ed9 10 ph\u00fat<\/li><\/ul>\n\n\n\n<figure class=\"wp-block-image size-full\"><img loading=\"lazy\" width=\"1450\" height=\"600\" src=\"https:\/\/visit-kudamatsu.com\/vi\/wp-content\/uploads\/2021\/02\/vietnam.jpg\" alt=\"\" class=\"wp-image-618\" srcset=\"https:\/\/visit-kudamatsu.com\/vi\/wp-content\/uploads\/2021\/02\/vietnam.jpg 1450w, https:\/\/visit-kudamatsu.com\/vi\/wp-content\/uploads\/2021\/02\/vietnam-300x124.jpg 300w, https:\/\/visit-kudamatsu.com\/vi\/wp-content\/uploads\/2021\/02\/vietnam-1024x424.jpg 1024w, https:\/\/visit-kudamatsu.com\/vi\/wp-content\/uploads\/2021\/02\/vietnam-768x318.jpg 768w\" sizes=\"(max-width: 1450px) 100vw, 1450px\" \/><\/figure>\n","protected":false},"excerpt":{"rendered":"K\u1ebft n\u1ed1i \u0111\u1ebfn th\u00e0nh ph\u1ed1 Kudamatsu K\u1ebft n\u1ed1i b\u1eb1ng m\u00e1y bay Tokyo (Haneda) \u00e0 kho\u1ea3ng 100 ph\u00fat \u00e0 s\u00e2n bay Yamaguchiube \u00e0 [&hellip;]","protected":false},"author":1,"featured_media":580,"parent":0,"menu_order":0,"comment_status":"closed","ping_status":"closed","template":"","meta":[],"_links":{"self":[{"href":"https:\/\/visit-kudamatsu.com\/vi\/wp-json\/wp\/v2\/pages\/236"}],"collection":[{"href":"https:\/\/visit-kudamatsu.com\/vi\/wp-json\/wp\/v2\/pages"}],"about":[{"href":"https:\/\/visit-kudamatsu.com\/vi\/wp-json\/wp\/v2\/types\/page"}],"author":[{"embeddable":true,"href":"https:\/\/visit-kudamatsu.com\/vi\/wp-json\/wp\/v2\/users\/1"}],"replies":[{"embeddable":true,"href":"https:\/\/visit-kudamatsu.com\/vi\/wp-json\/wp\/v2\/comments?post=236"}],"version-history":[{"count":29,"href":"https:\/\/visit-kudamatsu.com\/vi\/wp-json\/wp\/v2\/pages\/236\/revisions"}],"predecessor-version":[{"id":619,"href":"https:\/\/visit-kudamatsu.com\/vi\/wp-json\/wp\/v2\/pages\/236\/revisions\/619"}],"wp:featuredmedia":[{"embeddable":true,"href":"https:\/\/visit-kudamatsu.com\/vi\/wp-json\/wp\/v2\/media\/580"}],"wp:attachment":[{"href":"https:\/\/visit-kudamatsu.com\/vi\/wp-json\/wp\/v2\/media?parent=236"}],"curies":[{"name":"wp","href":"https:\/\/api.w.org\/{rel}","templated":true}]}}