{"id":282,"date":"2021-01-06T11:22:17","date_gmt":"2021-01-06T02:22:17","guid":{"rendered":"https:\/\/visit-kudamatsu.com\/?page_id=282"},"modified":"2021-02-26T18:27:40","modified_gmt":"2021-02-26T09:27:40","slug":"useful-info","status":"publish","type":"page","link":"https:\/\/visit-kudamatsu.com\/vi\/useful-info\/","title":{"rendered":"Th\u00f4ng tin h\u1eefu \u00edch"},"content":{"rendered":"\n<h2><strong>H\u01b0\u1edbng d\u1eabn du l\u1ecbch<\/strong><\/h2>\n\n\n\n<h4 class=\"style4b\" style=\"border-left-color: #9a0000\">Hi\u1ec7p h\u1ed9i du l\u1ecbch th\u00e0nh ph\u1ed1 Kudamatsu<\/h4>\n\n\n\n<p>L\u00e0 hi\u1ec7p h\u1ed9i c\u00f3 m\u1ee5c \u0111\u00edch ch\u1ea5n h\u01b0ng v\u0103n h\u00f3a, du l\u1ecbch, gi\u1ea3i tr\u00ed trong th\u00e0nh ph\u1ed1 Kudamatsu; g\u00f3p ph\u1ea7n t\u0103ng c\u01b0\u1eddng ph\u00e1t tri\u1ec3n v\u0103n h\u00f3a nh\u00e2n d\u00e2n, \u0111\u00e0o t\u1ea1o s\u1ea3n xu\u1ea5t.<\/p>\n\n\n<table style=\"border-collapse: collapse; width: 100%; height: 111px;\" border=\"1\">\n<tbody>\n<tr style=\"height: 43px;\">\n<td style=\"width: 30%; background-color: #f5f5f5; height: 45px;\">\u0110\u1ecba ch\u1ec9<\/td>\n<td style=\"width: 70%; height: 45px;\">Th\u00e0nh ph\u1ed1 Kudamatsu, Shinkawa 2-1-3<br \/>Trong trung t\u00e2m h\u1ed9i ngh\u1ecb th\u01b0\u01a1ng m\u1ea1i Kudamatsu<br \/>V\u0103n ph\u00f2ng hi\u1ec7p h\u1ed9i du l\u1ecbch th\u00e0nh ph\u1ed1 Kudamatsu<\/td>\n<\/tr>\n<tr style=\"height: 22px;\">\n<td style=\"width: 30%; background-color: #f5f5f5; height: 22px;\">Gi\u1edd m\u1edf c\u1eeda<\/td>\n<td style=\"width: 70%; height: 22px;\">8:30~ 17:15<\/td>\n<\/tr>\n<tr style=\"height: 22px;\">\n<td style=\"width: 30%; background-color: #f5f5f5; height: 22px;\">Ng\u00e0y ngh\u1ec9<\/td>\n<td style=\"width: 70%; height: 22px;\">Th\u1ee9 b\u1ea3y, ch\u1ee7 nh\u1eadt, ng\u00e0y l\u1ec5<\/td>\n<\/tr>\n<tr style=\"height: 22px;\">\n<td style=\"width: 30%; background-color: #f5f5f5; height: 22px;\">Email<\/td>\n<td style=\"width: 70%; height: 22px;\">kankou@kudamatsu-cci.or.jp<\/td>\n<\/tr>\n<\/tbody>\n<\/table>\n\n\n<h4 class=\"style4b\" style=\"border-left-color: #9a0000\">T\u1edd qu\u1ea3ng c\u00e1o \u0111a ng\u00f4n ng\u1eef<\/h4>\n\n\n\n<p>T\u1edd qu\u1ea3ng c\u00e1o du l\u1ecbch in b\u1eb1ng ti\u1ebfng n\u01b0\u1edbc ngo\u00e0i (<a rel=\"noreferrer noopener\" href=\"https:\/\/visit-kudamatsu.com\/wp-content\/uploads\/2021\/02\/nihonngoomote.pdf\" target=\"_blank\">\u65e5\u672c\u8a9e1<\/a>\/<a rel=\"noreferrer noopener\" href=\"https:\/\/visit-kudamatsu.com\/wp-content\/uploads\/2021\/02\/nihonngoura.pdf\" target=\"_blank\">2<\/a>, <a rel=\"noreferrer noopener\" href=\"https:\/\/visit-kudamatsu.com\/wp-content\/uploads\/2021\/02\/eigoomote.pdf\" target=\"_blank\">English1<\/a>\/<a rel=\"noreferrer noopener\" href=\"https:\/\/visit-kudamatsu.com\/wp-content\/uploads\/2021\/02\/eigoura.pdf\" target=\"_blank\">2<\/a>, <a rel=\"noreferrer noopener\" href=\"https:\/\/visit-kudamatsu.com\/wp-content\/uploads\/2021\/02\/chuugokugoomote.pdf\" target=\"_blank\">\u7c21\u4f53\u4e2d\u65871<\/a>\/<a rel=\"noreferrer noopener\" href=\"https:\/\/visit-kudamatsu.com\/wp-content\/uploads\/2021\/02\/chuugokugoura.pdf\" target=\"_blank\">2<\/a>, <a rel=\"noreferrer noopener\" href=\"https:\/\/visit-kudamatsu.com\/wp-content\/uploads\/2021\/02\/kannkokugoomote.pdf\" target=\"_blank\">\ud55c\uad6d\uc5b41<\/a>\/<a rel=\"noreferrer noopener\" href=\"https:\/\/visit-kudamatsu.com\/wp-content\/uploads\/2021\/02\/kannkokugoura.pdf\" target=\"_blank\">2<\/a>)<\/p>\n\n\n\n<h2><strong>D\u1ecbch v\u1ee5 LAN v\u00f4 tuy\u1ebfn c\u00f4ng c\u1ed9ng mi\u1ec5n ph\u00ed<\/strong><\/h2>\n\n\n\n<h4 class=\"style4b\" style=\"border-left-color: #9a0000\">Wi-Fi Kudamatsu mi\u1ec5n ph\u00ed<\/h4>\n\n\n\n<p>T\u1ea1i 8 n\u01a1i c\u1ee7a th\u00e0nh ph\u1ed1 c\u00f3 l\u1eafp \u0111\u1eb7t h\u1ec7 th\u1ed1ng Wi-Fi cho ph\u00e9p truy c\u1eadp internet mi\u1ec5n ph\u00ed. N\u1ebfu b\u1ea1n c\u00f3 smartphone, m\u00e1y t\u00ednh x\u00e1ch tay c\u00f3 ch\u1ee9c n\u0103ng k\u1ebft n\u1ed1i Wi-Fi th\u00ec s\u1ebd s\u1eed d\u1ee5ng \u0111\u01b0\u1ee3c.<\/p>\n\n\n<table style=\"border-collapse: collapse; width: 100%; height: 150px;\" border=\"1\">\n<tbody>\n<tr style=\"height: 63px;\">\n<td style=\"width: 41.3793%; background-color: #f5f5f5; height: 63px;\">\n<p>N\u01a1i l\u1eafp \u0111\u1eb7t<\/p>\n<\/td>\n<td style=\"width: 58.6207%; height: 63px;\">\n<p>S\u1ea3nh ti\u1ebfp \u0111\u00f3n \u1edf t\u1ea7ng 1 tr\u1ee5 s\u1edf h\u00e0nh ch\u00ednh th\u00e0nh ph\u1ed1 Kudamatsu, Nh\u00e0 th\u1ec3 thao th\u00e0nh ph\u1ed1 Kudamatsu, Nh\u00e0 v\u0103n h\u00f3a Toyoi, Trung t\u00e2m giao l\u01b0u nh\u00e2n d\u00e2n Ekiminami, Nh\u00e0 v\u0103n h\u00f3a Suetake, Trung t\u00e2m ph\u00fac l\u1ee3i t\u1ed5ng h\u1ee3p Nakamura, Nh\u00e0 v\u0103n h\u00f3a Hanaoka, Trung t\u00e2m giao l\u01b0u khu v\u1ef1c<\/p>\n<\/td>\n<\/tr>\n<tr style=\"height: 22px;\">\n<td style=\"width: 41.3793%; background-color: #f5f5f5; height: 22px;\">Th\u1eddi gian s\u1eed d\u1ee5ng<\/td>\n<td style=\"width: 58.6207%; height: 22px;\">8:00\uff5e22:00<\/td>\n<\/tr>\n<tr style=\"height: 43px;\">\n<td style=\"width: 41.3793%; background-color: #f5f5f5; height: 43px;\">T\u00ean m\u1ea1ng (SSID)<\/td>\n<td style=\"width: 58.6207%; height: 43px;\">\u201cKudamatsu Free Wi-Fi a\u201d<br \/>Ho\u1eb7c \u201cKudamatsu Free Wi-Fi b\u201d<\/td>\n<\/tr>\n<tr style=\"height: 22px;\">\n<td style=\"width: 41.3793%; background-color: #f5f5f5; height: 22px;\">M\u1eadt kh\u1ea9u<\/td>\n<td style=\"width: 58.6207%; height: 22px;\">C\u00f3 hi\u1ec3n th\u1ecb t\u1ea1i c\u00e1c qu\u1ea7y ti\u1ebfp t\u00e2n c\u1ee7a c\u00e1c c\u01a1 s\u1edf \u0111\u00f3<\/td>\n<\/tr>\n<\/tbody>\n<\/table>\n\n\n<iframe loading=\"lazy\" src=\"https:\/\/www.google.com\/maps\/d\/embed?mid=1Q0rzugXl-3t5RKGXrp_45sICMcG4eYjf&amp;hl=ja\" width=\"100%\" height=\"480\"><\/iframe>\n\n\n\n<h4><strong>Ph\u01b0\u01a1ng ph\u00e1p s\u1eed d\u1ee5ng<\/strong><\/h4>\n\n\n\n<ul><li>Ch\u1ecdn t\u00ean m\u1ea1ng (SSID) l\u00e0 \u201cKudamatsu Free Wi-Fi a\u201d ho\u1eb7c \u201cKudamatsu Free Wi-Fi b\u201d, nh\u1eadp m\u1eadt kh\u1ea9u (hi\u1ec3n th\u1ecb t\u1ea1i c\u00e1c qu\u1ea7y ti\u1ebfp t\u00e2n c\u1ee7a c\u01a1 s\u1edf \u0111\u00f3), k\u1ebft n\u1ed1i. Sau \u0111\u00f3, kh\u1edfi \u0111\u1ed9ng tr\u00ecnh duy\u1ec7t web, cho hi\u1ec3n th\u1ecb l\u00ean m\u00e0n h\u00ecnh truy c\u1eadp.<\/li><li>Ch\u1ecdn \u201cph\u01b0\u01a1ng th\u1ee9c x\u00e1c nh\u1eadn mail\u201d hay \u201cph\u01b0\u01a1ng th\u1ee9c x\u00e1c nh\u1eadn t\u00e0i kho\u1ea3n SNS\u201d, l\u00e0m th\u1ee7 t\u1ee5c \u0111\u0103ng k\u00fd.<\/li><\/ul>\n\n\n\n<p>\u3000Chi ti\u1ebft xin h\u00e3y xem th\u00eam \u1edf \u0111\u00e2y\u3000<a href=\"https:\/\/www.city.kudamatsu.lg.jp\/jyouhou\/documents\/kudamatsufreewi-fiusersmanual.pdf\">Chi ti\u1ebft xin h\u00e3y xem th\u00eam \u1edf \u0111\u00e2y\uff08PDF\uff1a900KB\uff09<\/a><\/p>\n\n\n\n<ul><li>Th\u1eddi h\u1ea1n hi\u1ec7u l\u1ef1c c\u1ee7a \u0111\u0103ng k\u00fd l\u00e0 6 th\u00e1ng k\u1ec3 t\u1eeb l\u1ea7n s\u1eed d\u1ee5ng cu\u1ed1i c\u00f9ng. N\u1ebfu trong v\u00f2ng 6 th\u00e1ng kh\u00f4ng s\u1eed d\u1ee5ng th\u00ec c\u1ea7n ph\u1ea3i \u0111\u0103ng k\u00fd l\u1ea1i.<\/li><li>M\u00e1y \u0111\u00e3 \u0111\u0103ng k\u00fd r\u1ed3i s\u1ebd d\u00f9ng \u0111\u01b0\u1ee3c \u1edf c\u1ea3 nh\u1eefng c\u01a1 s\u1edf kh\u00e1c.<\/li><\/ul>\n\n\n\n<h4><strong>Kho\u1ea3n m\u1ee5c c\u1ea7n ch\u00fa \u00fd khi s\u1eed d\u1ee5ng<\/strong><\/h4>\n\n\n\n<ul><li>\u0110\u1ec3 ph\u00f2ng tr\u00e1nh s\u1eed d\u1ee5ng v\u00e0o m\u1ee5c \u0111\u00edch b\u1ea5t ch\u00ednh, c\u00e1c truy c\u1eadp v\u00e0o website \u0111\u1ec1u \u0111\u01b0\u1ee3c ghi l\u1ea1i.<\/li><li>V\u00ec l\u00e0 d\u1ecbch v\u1ee5 cho ph\u00e9p s\u1ed1 \u0111\u00f4ng ng\u01b0\u1eddi b\u1ea5t k\u1ef3 \u0111\u1ec1u c\u00f3 th\u1ec3 s\u1eed d\u1ee5ng \u0111\u01b0\u1ee3c, n\u00ean c\u00f3 kh\u1ea3 n\u0103ng s\u1ebd c\u00f3 k\u1ebb th\u1ee9 ba \u0111\u00e1nh c\u1eafp th\u00f4ng tin c\u00e1 nh\u00e2n c\u1ee7a ng\u01b0\u1eddi s\u1eed d\u1ee5ng, nh\u01b0 t\u00ean t\u00e0i kho\u1ea3n truy c\u1eadp, m\u1eadt kh\u1ea9u, s\u1ed1 th\u1ebb t\u00edn d\u1ee5ng vv\u2026 V\u1ec1 nh\u1eefng th\u00f4ng tin quan tr\u1ecdng, ch\u00fang t\u00f4i \u0111\u1ec1 ngh\u1ecb ng\u01b0\u1eddi s\u1eed d\u1ee5ng h\u00e3y t\u1ef1 ph\u00e1n \u0111o\u00e1n v\u00e0 t\u1ef1 ch\u1ecbu tr\u00e1ch nhi\u1ec7m.<\/li><li>\u0110\u1ec3 nhi\u1ec1u ng\u01b0\u1eddi c\u00f9ng s\u1eed d\u1ee5ng c\u00f4ng b\u1eb1ng, ch\u00fang t\u00f4i \u0111\u1ec1 ngh\u1ecb c\u00e1c b\u1ea1n h\u1ea1n ch\u1ebf truy\u1ec1n nh\u1eadn th\u00f4ng tin dung l\u01b0\u1ee3ng c\u1ef1c l\u1edbn, xem video trong th\u1eddi gian d\u00e0i.<\/li><\/ul>\n\n\n\n<h4 class=\"style4b\" style=\"border-left-color: #9a0000\">Yamaguchi Free Wi-Fi<\/h4>\n\n\n\n<div class=\"wp-container-1 wp-block-buttons aligncenter\">\n<div class=\"wp-block-button\"><a class=\"wp-block-button__link has-white-color has-text-color has-background\" href=\"http:\/\/choruru-wifi.jp\/index_en.html\" style=\"background-color:#9a0000\" target=\"_blank\" rel=\"noreferrer noopener\"><strong>Yamaguchi Free Wi-Fi<\/strong><\/a><\/div>\n<\/div>\n\n\n\n<h4 class=\"style4b\" style=\"border-left-color: #9a0000\">T\u1ed5ng \u0111\u00e0i \u0111a ng\u00f4n ng\u1eef<\/h4>\n\n\n\n<p>Ng\u01b0\u1eddi n\u01b0\u1edbc ngo\u00e0i c\u00f3 th\u1ec3 s\u1eed d\u1ee5ng d\u1ecbch v\u1ee5 phi\u00ean d\u1ecbch mi\u1ec5n ph\u00ed n\u1ed9i trong ph\u1ea1m vi t\u1ec9nh Yamaguchi.<br>Xin m\u1eddi d\u00f9ng t\u1ed5ng \u0111\u00e0i n\u00e0y n\u1ebfu b\u1ea1n c\u1ea7n th\u00f4ng tin giao th\u00f4ng, th\u00f4ng tin du l\u1ecbch.<\/p>\n\n\n\n<div class=\"wp-container-2 wp-block-buttons aligncenter\">\n<div class=\"wp-block-button\"><a class=\"wp-block-button__link has-white-color has-text-color has-background\" href=\"http:\/\/www.visit-jy.com\/en\/app\/\" style=\"background-color:#9a0000\" target=\"_blank\" rel=\"noreferrer noopener\">Yamaguchi Call Center<\/a><\/div>\n<\/div>\n\n\n\n<p><\/p>\n","protected":false},"excerpt":{"rendered":"H\u01b0\u1edbng d\u1eabn du l\u1ecbch Hi\u1ec7p h\u1ed9i du l\u1ecbch th\u00e0nh ph\u1ed1 Kudamatsu L\u00e0 hi\u1ec7p h\u1ed9i c\u00f3 m\u1ee5c \u0111\u00edch ch\u1ea5n h\u01b0ng v\u0103n h\u00f3a, du l\u1ecbch, gi\u1ea3 [&hellip;]","protected":false},"author":1,"featured_media":575,"parent":0,"menu_order":0,"comment_status":"closed","ping_status":"closed","template":"","meta":[],"_links":{"self":[{"href":"https:\/\/visit-kudamatsu.com\/vi\/wp-json\/wp\/v2\/pages\/282"}],"collection":[{"href":"https:\/\/visit-kudamatsu.com\/vi\/wp-json\/wp\/v2\/pages"}],"about":[{"href":"https:\/\/visit-kudamatsu.com\/vi\/wp-json\/wp\/v2\/types\/page"}],"author":[{"embeddable":true,"href":"https:\/\/visit-kudamatsu.com\/vi\/wp-json\/wp\/v2\/users\/1"}],"replies":[{"embeddable":true,"href":"https:\/\/visit-kudamatsu.com\/vi\/wp-json\/wp\/v2\/comments?post=282"}],"version-history":[{"count":17,"href":"https:\/\/visit-kudamatsu.com\/vi\/wp-json\/wp\/v2\/pages\/282\/revisions"}],"predecessor-version":[{"id":627,"href":"https:\/\/visit-kudamatsu.com\/vi\/wp-json\/wp\/v2\/pages\/282\/revisions\/627"}],"wp:featuredmedia":[{"embeddable":true,"href":"https:\/\/visit-kudamatsu.com\/vi\/wp-json\/wp\/v2\/media\/575"}],"wp:attachment":[{"href":"https:\/\/visit-kudamatsu.com\/vi\/wp-json\/wp\/v2\/media?parent=282"}],"curies":[{"name":"wp","href":"https:\/\/api.w.org\/{rel}","templated":true}]}}