{"id":629,"date":"2021-02-27T17:44:23","date_gmt":"2021-02-27T08:44:23","guid":{"rendered":"https:\/\/visit-kudamatsu.com\/vi\/?page_id=629"},"modified":"2021-02-27T17:44:24","modified_gmt":"2021-02-27T08:44:24","slug":"foreign","status":"publish","type":"page","link":"https:\/\/visit-kudamatsu.com\/vi\/foreign\/","title":{"rendered":"G\u1eedi t\u1edbi qu\u00fd kh\u00e1ch du l\u1ecbch ng\u01b0\u1eddi n\u01b0\u1edbc ngo\u00e0i"},"content":{"rendered":"\n<p>T\u1ea1i th\u00e0nh ph\u1ed1 Kudamatsu t\u1ec9nh Yamaguchi, ch\u00fang t\u00f4i \u0111ang ph\u00e1t th\u00f4ng tin du l\u1ecbch qua trang web th\u00f4ng tin du l\u1ecbch, nh\u1eb1m n\u00e2ng cao m\u1ee9c \u0111\u1ed9 nh\u1eadn th\u1ee9c c\u1ee7a m\u1ecdi ng\u01b0\u1eddi \u1edf h\u1ea3i ngo\u1ea1i v\u1ec1 th\u00e0nh ph\u1ed1 n\u00e0y.<\/p>\n\n\n\n<p>\u1ede trang web n\u00e0y, ch\u00fang t\u00f4i gi\u1edbi thi\u1ec7u v\u1ec1 s\u1ef1 h\u1ea5p d\u1eabn c\u1ee7a c\u00e1c khu du l\u1ecbch, \u1ea9m th\u1ef1c c\u1ee7a th\u00e0nh ph\u1ed1 Kudamatsu, b\u1eb1ng 5 ngo\u1ea1i ng\u1eef (ti\u1ebfng Anh, ti\u1ebfng H\u00e0n Qu\u1ed1c, ti\u1ebfng Trung Qu\u1ed1c (ch\u1eef gi\u1ea3n th\u1ec3, ch\u1eef ph\u1ed3n th\u1ec3), ti\u1ebfng Vi\u1ec7t).<\/p>\n\n\n\n<div class=\"wp-container-1 wp-block-buttons aligncenter\">\n<div class=\"wp-block-button\"><a class=\"wp-block-button__link has-white-color has-text-color has-background no-border-radius\" href=\"https:\/\/visit-kudamatsu.com\/\" style=\"background-color:#9a0000\">English<\/a><\/div>\n\n\n\n<div class=\"wp-block-button\"><a class=\"wp-block-button__link has-white-color has-text-color has-background no-border-radius\" href=\"https:\/\/visit-kudamatsu.com\/ko\/\" style=\"background-color:#9a0000\">\ud55c\uad6d<\/a><\/div>\n\n\n\n<div class=\"wp-block-button\"><a class=\"wp-block-button__link has-white-color has-text-color has-background no-border-radius\" href=\"https:\/\/visit-kudamatsu.com\/zh-cn\/\" style=\"background-color:#9a0000\">\u7c21\u4f53\u4e2d\u6587<\/a><\/div>\n\n\n\n<div class=\"wp-block-button\"><a class=\"wp-block-button__link has-white-color has-text-color has-background no-border-radius\" href=\"https:\/\/visit-kudamatsu.com\/zh-tw\/\" style=\"background-color:#9a0000\">\u7e41\u4f53\u4e2d\u6587<\/a><\/div>\n\n\n\n<div class=\"wp-block-button\"><a class=\"wp-block-button__link has-white-color has-text-color has-background no-border-radius\" href=\"https:\/\/visit-kudamatsu.com\/vi\/\" style=\"background-color:#9a0000\">Ti\u1ebfng Vi\u1ec7t<\/a><\/div>\n\n\n\n<div class=\"wp-block-button\"><a class=\"wp-block-button__link has-white-color has-text-color has-background no-border-radius\" href=\"https:\/\/kudamatsu-kanko.jp\/\" style=\"background-color:#9a0000\">\u65e5\u672c\u8a9e<\/a><\/div>\n<\/div>\n\n\n\n<p><\/p>\n","protected":false},"excerpt":{"rendered":"T\u1ea1i th\u00e0nh ph\u1ed1 Kudamatsu t\u1ec9nh Yamaguchi, ch\u00fang t\u00f4i \u0111ang ph\u00e1t th\u00f4ng tin du l\u1ecbch qua trang web th\u00f4ng tin du l\u1ecbch, [&hellip;]","protected":false},"author":1,"featured_media":633,"parent":0,"menu_order":0,"comment_status":"closed","ping_status":"closed","template":"","meta":[],"_links":{"self":[{"href":"https:\/\/visit-kudamatsu.com\/vi\/wp-json\/wp\/v2\/pages\/629"}],"collection":[{"href":"https:\/\/visit-kudamatsu.com\/vi\/wp-json\/wp\/v2\/pages"}],"about":[{"href":"https:\/\/visit-kudamatsu.com\/vi\/wp-json\/wp\/v2\/types\/page"}],"author":[{"embeddable":true,"href":"https:\/\/visit-kudamatsu.com\/vi\/wp-json\/wp\/v2\/users\/1"}],"replies":[{"embeddable":true,"href":"https:\/\/visit-kudamatsu.com\/vi\/wp-json\/wp\/v2\/comments?post=629"}],"version-history":[{"count":1,"href":"https:\/\/visit-kudamatsu.com\/vi\/wp-json\/wp\/v2\/pages\/629\/revisions"}],"predecessor-version":[{"id":634,"href":"https:\/\/visit-kudamatsu.com\/vi\/wp-json\/wp\/v2\/pages\/629\/revisions\/634"}],"wp:featuredmedia":[{"embeddable":true,"href":"https:\/\/visit-kudamatsu.com\/vi\/wp-json\/wp\/v2\/media\/633"}],"wp:attachment":[{"href":"https:\/\/visit-kudamatsu.com\/vi\/wp-json\/wp\/v2\/media?parent=629"}],"curies":[{"name":"wp","href":"https:\/\/api.w.org\/{rel}","templated":true}]}}